{"id":27,"date":"2018-09-26T02:45:41","date_gmt":"2018-09-26T02:45:41","guid":{"rendered":"http:\/\/powermasterchile.cl\/?page_id=27"},"modified":"2018-09-28T01:27:52","modified_gmt":"2018-09-28T01:27:52","slug":"acerca-de","status":"publish","type":"page","link":"https:\/\/www.powermasterchile.cl\/index.php\/acerca-de\/","title":{"rendered":"Servicios"},"content":{"rendered":"<p style=\"text-align: center;\">Servicio t\u00e9cnico automotriz de primer nivel<\/p>\n<p style=\"text-align: center;\"><strong>MANTENIMIENTO <\/strong><\/p>\n<p style=\"text-align: center;\"><b>MEC\u00c1NICA<\/b><strong>\u00a0GENERAL<\/strong><\/p>\n<p style=\"text-align: center;\"><strong>FRENOS<\/strong><\/p>\n<p style=\"text-align: center;\"><strong>SUSPENSI\u00d3N<\/strong><\/p>\n<p style=\"text-align: center;\"><strong>VULCANIZACI\u00d3N <\/strong><\/p>\n<p style=\"text-align: center;\"><strong>ESCANNER<\/strong><\/p>\n<p style=\"text-align: center;\">Cont\u00e1ctenos al los tel\u00e9fonos:<\/p>\n<p style=\"text-align: center;\"><em><strong>+569 6232 4847\u00a0 \u00a0 \u00a0 \u00a0 =\u00a0 \u00a0 \u00a0 \u00a0 \u00a0 \u00a0\u00a0<\/strong><\/em><em><strong>+569 77997536<\/strong><\/em><\/p>\n<p style=\"text-align: center;\"><strong>GENERAL LAGOS # 173<\/strong><\/p>\n","protected":false},"excerpt":{"rendered":"<p>Servicio t\u00e9cnico automotriz de primer nivel MANTENIMIENTO MEC\u00c1NICA\u00a0GENERAL FRENOS SUSPENSI\u00d3N VULCANIZACI\u00d3N ESCANNER Cont\u00e1ctenos al los tel\u00e9fonos: +569 6232 4847\u00a0 \u00a0 \u00a0 \u00a0 =\u00a0 \u00a0 \u00a0 \u00a0 \u00a0 \u00a0\u00a0+569 77997536 GENERAL LAGOS # 173<\/p>\n","protected":false},"author":1,"featured_media":75,"parent":0,"menu_order":0,"comment_status":"closed","ping_status":"closed","template":"","meta":{"footnotes":""},"class_list":["post-27","page","type-page","status-publish","has-post-thumbnail","hentry"],"_links":{"self":[{"href":"https:\/\/www.powermasterchile.cl\/index.php\/wp-json\/wp\/v2\/pages\/27","targetHints":{"allow":["GET"]}}],"collection":[{"href":"https:\/\/www.powermasterchile.cl\/index.php\/wp-json\/wp\/v2\/pages"}],"about":[{"href":"https:\/\/www.powermasterchile.cl\/index.php\/wp-json\/wp\/v2\/types\/page"}],"author":[{"embeddable":true,"href":"https:\/\/www.powermasterchile.cl\/index.php\/wp-json\/wp\/v2\/users\/1"}],"replies":[{"embeddable":true,"href":"https:\/\/www.powermasterchile.cl\/index.php\/wp-json\/wp\/v2\/comments?post=27"}],"version-history":[{"count":9,"href":"https:\/\/www.powermasterchile.cl\/index.php\/wp-json\/wp\/v2\/pages\/27\/revisions"}],"predecessor-version":[{"id":97,"href":"https:\/\/www.powermasterchile.cl\/index.php\/wp-json\/wp\/v2\/pages\/27\/revisions\/97"}],"wp:featuredmedia":[{"embeddable":true,"href":"https:\/\/www.powermasterchile.cl\/index.php\/wp-json\/wp\/v2\/media\/75"}],"wp:attachment":[{"href":"https:\/\/www.powermasterchile.cl\/index.php\/wp-json\/wp\/v2\/media?parent=27"}],"curies":[{"name":"wp","href":"https:\/\/api.w.org\/{rel}","templated":true}]}}